{"id":1538,"date":"2020-05-17T12:17:13","date_gmt":"2020-05-17T12:17:13","guid":{"rendered":"https:\/\/www.loftgc.com\/?page_id=1538"},"modified":"2020-05-26T10:44:07","modified_gmt":"2020-05-26T10:44:07","slug":"covid-19","status":"publish","type":"page","link":"https:\/\/www.loftgc.com\/en\/covid-19","title":{"rendered":"covid-19"},"content":{"rendered":"<p>[et_pb_section fb_built=&#8221;1&#8243; admin_label=&#8221;Footer Section&#8221; _builder_version=&#8221;4.4.7&#8243; use_background_color_gradient=&#8221;on&#8221; background_color_gradient_start=&#8221;rgba(255,35,15,0)&#8221; background_color_gradient_end=&#8221;#143d58&#8243; background_color_gradient_start_position=&#8221;100%&#8221; background_color_gradient_overlays_image=&#8221;on&#8221; background_image=&#8221;https:\/\/www.loftgc.com\/wp-content\/uploads\/2020\/05\/Montaje_Limpieza2-1.jpg&#8221; background_position=&#8221;top_center&#8221; background_blend=&#8221;hue&#8221; custom_margin=&#8221;|||&#8221; custom_padding=&#8221;0vw|0px|25vw|0px||&#8221; bottom_divider_style=&#8221;mountains2&#8243; bottom_divider_color=&#8221;rgba(5,41,66,0.3)&#8221; bottom_divider_height=&#8221;50%&#8221; animation_style=&#8221;slide&#8221; animation_direction=&#8221;bottom&#8221; animation_intensity_slide=&#8221;6%&#8221; animation_starting_opacity=&#8221;100%&#8221; saved_tabs=&#8221;all&#8221;][\/et_pb_section][et_pb_section fb_built=&#8221;1&#8243; _builder_version=&#8221;4.4.6&#8243; custom_margin=&#8221;-3px|||||&#8221; custom_padding=&#8221;4px|||||&#8221;][et_pb_row column_structure=&#8221;3_4,1_4&#8243; module_id=&#8221;reopening&#8221; _builder_version=&#8221;4.4.7&#8243; width=&#8221;79.8%&#8221; custom_margin=&#8221;74px|auto||auto||&#8221; custom_padding=&#8221;0px|||||&#8221;][et_pb_column type=&#8221;3_4&#8243; _builder_version=&#8221;4.4.6&#8243;][et_pb_text _builder_version=&#8221;4.4.6&#8243; custom_margin=&#8221;|0px||||&#8221;]<\/p>\n<h1><span>Coronavirus, COVID-19.<\/span><\/h1>\n<h1>Reopening protocol Loft Gran Canaria\u00a0<\/h1>\n<p style=\"text-align: justify;\">\n<p style=\"text-align: justify;\"><span>We want you to feel at home at our place again very soon, as well as give you full peace of mind. At Loft Gran Canaria, the safety and protection of our guests and staff are our number one priority. That is why we are working tirelessly to make our facilities as safe and clean as possible, as seen by the fact that we have created a COVID-19 safety and prevention protocol called:\u00a0<\/span><\/p>\n<p style=\"text-align: justify;\">\n<blockquote>\n<h3><span><strong>WASH YOUR HANDS AND ENJOY LIFE<\/strong><\/span><\/h3>\n<\/blockquote>\n<p style=\"text-align: justify;\">\n<p style=\"text-align: justify;\"><strong>Disinfecting Our Establishment\u00a0<\/strong><\/p>\n<p style=\"text-align: justify;\">\n<p style=\"text-align: justify;\"><span>This protocol ensures maximum safety and focuses on minimizing microorganisms and specifically viruses on surfaces in common areas at our establishment as well as in the apartments. This is achieved by disinfecting surfaces of all the place.\u00a0 This will be done when we reopen and after that, all areas will be disinfected on a weekly basis and so in all apartments according to the protocol.<\/span><\/p>\n<p style=\"text-align: justify;\">\n<p style=\"text-align: justify;\">\n<p style=\"text-align: justify;\">\n<p style=\"text-align: justify;\"><span>Alcohol antibacterial hand sanitiser gel, gloves and masks will be available for our guests.\u00a0<\/span><\/p>\n<p style=\"text-align: justify;\">\n<p style=\"text-align: justify;\">\n<p>&nbsp;<\/p>\n<p>[\/et_pb_text][\/et_pb_column][et_pb_column type=&#8221;1_4&#8243; _builder_version=&#8221;4.4.6&#8243;][et_pb_gallery gallery_ids=&#8221;1623,1589,1573,1585,1593,1565,1569,1577,1581,1597,1601&#8243; fullwidth=&#8221;on&#8221; _builder_version=&#8221;4.4.7&#8243; animation_style=&#8221;fade&#8221; hover_enabled=&#8221;0&#8243; border_color_all=&#8221;#d50057&#8243; custom_margin=&#8221;|-27px||-3px|false|false&#8221; width=&#8221;106.3%&#8221; locked=&#8221;off&#8221; custom_padding=&#8221;|8px||0px||&#8221;][\/et_pb_gallery][\/et_pb_column][\/et_pb_row][\/et_pb_section]<\/p>\n","protected":false},"excerpt":{"rendered":"<p>Coronavirus, COVID-19. Reopening protocol Loft Gran Canaria\u00a0 We want you to feel at home at our place again very soon, as well as give you full peace of mind. At Loft Gran Canaria, the safety and protection of our guests and staff are our number one priority. That is why we are working tirelessly to [&hellip;]<\/p>\n","protected":false},"author":1,"featured_media":0,"parent":0,"menu_order":0,"comment_status":"closed","ping_status":"closed","template":"","meta":{"_et_pb_use_builder":"on","_et_pb_old_content":"<p>[et_pb_section fb_built=\"1\" admin_label=\"Footer Section\" _builder_version=\"4.4.6\" use_background_color_gradient=\"on\" background_color_gradient_start=\"rgba(255,35,15,0)\" background_color_gradient_end=\"#143d58\" background_color_gradient_start_position=\"100%\" background_color_gradient_overlays_image=\"on\" background_image=\"https:\/\/www.loftgc.com\/wp-content\/uploads\/2020\/05\/Montaje_Limpieza2.jpg\" background_blend=\"hue\" custom_margin=\"|||\" custom_padding=\"0vw|0px|22vw|0px||\" bottom_divider_style=\"mountains2\" bottom_divider_color=\"rgba(5,41,66,0.3)\" bottom_divider_height=\"50%\" animation_style=\"slide\" animation_direction=\"bottom\" animation_intensity_slide=\"6%\" animation_starting_opacity=\"100%\" hover_enabled=\"0\" saved_tabs=\"all\" title_text=\"Montaje_Limpieza2\" background_position=\"top_center\"][\/et_pb_section][et_pb_section fb_built=\"1\" _builder_version=\"4.4.6\" custom_margin=\"-3px|||||\" custom_padding=\"4px|||||\"][et_pb_row _builder_version=\"4.4.6\" width=\"79.8%\" min_height=\"410px\"][et_pb_column type=\"4_4\" _builder_version=\"4.4.6\"][et_pb_text _builder_version=\"4.4.6\"]<\/p><h1><span style=\"color: rgba(0, 0, 0, 0.62);\">Coronavirus, COVID-19.<\/span><\/h1><p>\u00a0<\/p><h2><span style=\"color: #d50057;\">Protocolo de reapertura Loft Gran Canaria\u00a0<\/span><\/h2><h1>\u00a0<\/h1><div class=\"imagen_texto\">\u00a0<\/div><p>\u00a0<\/p><p>Queremos que vuelvas a sentirte como en casa en nuestro establecimiento y transmitirte la mayor confianza. En Loft Gran Canaria la seguridad y protecci\u00f3n de todos nuestros clientes y trabajadores son nuestra m\u00e1xima prioridad, por ello velamos incansablemente para mantener nuestro establecimiento lo m\u00e1s seguro y desinfectados posible, de modo que hemos creado un protocolo de medidas de seguridad y prevenci\u00f3n del COVID-19 de cara a la pr\u00f3xima apertura:<\/p><p><strong>Desinfecci\u00f3n de los apartamentos y zonas comunes<\/strong><\/p><p>Este protocolo garantiza la m\u00e1xima seguridad y se centra en minimizar la incidencia de microorganismos y espec\u00edficamente virus en las superficies de las zonas comunes as\u00ed como en los apartamentos, mediante tratamiento dirigido a las superficies de todo el establecimiento.\u00a0 Estos tratamientos se realizar\u00e1n de forma inicial antes de la reapertura, y posteriormente se realizar\u00e1 una desinfecci\u00f3n semanal de todas las zonas del establecimiento y tambi\u00e9n en cada uno de los apartamentos siguiendo el protocolo establecido.\u00a0<\/p><p>Los puntos mas sensibles como escaleras, barandillas, puerta edificio, portal y pomos apartamentos se desinfectar\u00e1n a diario.<\/p><p>Tenemos a disposici\u00f3n de los clientes Amenities de seguridad COVID-19 como gel hidroalcoh\u00f3lico antis\u00e9ptico individual, guantes\u00a0y mascarillas.<\/p><p>[\/et_pb_text][\/et_pb_column][\/et_pb_row][et_pb_row _builder_version=\"4.4.6\"][et_pb_column type=\"4_4\" _builder_version=\"4.4.6\"][et_pb_divider color=\"#3f3f3f\" _builder_version=\"4.4.6\"][\/et_pb_divider][\/et_pb_column][\/et_pb_row][et_pb_row _builder_version=\"4.4.6\" width=\"79.8%\" custom_padding=\"0px|||||\"][et_pb_column type=\"4_4\" _builder_version=\"4.4.6\"][et_pb_text _builder_version=\"4.4.6\"]<\/p><h1>\u00a0<\/h1><h1><span style=\"color: #d50057; font-size: 37px;\">Reopening protocol Loft Gran Canaria\u00a0<\/span><\/h1><h1>\u00a0<\/h1><div class=\"imagen_texto\">\u00a0<\/div><p>\u00a0<\/p><p>We want you to feel at home at our place again very soon, as well as give you full peace of mind. At Loft Gran Canaria, the safety and protection of our guests and staff are our number one priority. That is why we are working tirelessly to make our facilities as safe and clean as possible, as seen by the fact that we have created a COVID-19 safety and prevention protocol.<\/p><p><strong>Disinfecting Our Establishment\u00a0<\/strong><\/p><p>This protocol ensures maximum safety and focuses on minimizing microorganisms and specifically viruses on surfaces in common areas at our establishment as well as in the apartments. This is achieved by disinfecting surfaces of all the place.\u00a0 This will be done when we reopen and after that, all areas will be disinfected on a weekly basis and so in all apartments according to the protocol.<\/p><p>\u00a0<\/p><p>Alcohol antibacterial hand sanitiser gel, gloves and masks will be available for our guests.\u00a0<\/p><p>[\/et_pb_text][\/et_pb_column][\/et_pb_row][\/et_pb_section]<\/p>","_et_gb_content_width":"","footnotes":""},"class_list":["post-1538","page","type-page","status-publish","hentry"],"yoast_head":"<!-- This site is optimized with the Yoast SEO plugin v27.4 - https:\/\/yoast.com\/product\/yoast-seo-wordpress\/ -->\n<title>covid-19 - Loft Gran Canaria<\/title>\n<meta name=\"robots\" content=\"index, follow, max-snippet:-1, max-image-preview:large, max-video-preview:-1\" \/>\n<link rel=\"canonical\" href=\"https:\/\/www.loftgc.com\/en\/covid-19\" \/>\n<meta property=\"og:locale\" content=\"en_US\" \/>\n<meta property=\"og:type\" content=\"article\" \/>\n<meta property=\"og:title\" content=\"covid-19 - Loft Gran Canaria\" \/>\n<meta property=\"og:description\" content=\"Coronavirus, COVID-19. Reopening protocol Loft Gran Canaria\u00a0 We want you to feel at home at our place again very soon, as well as give you full peace of mind. At Loft Gran Canaria, the safety and protection of our guests and staff are our number one priority. That is why we are working tirelessly to [&hellip;]\" \/>\n<meta property=\"og:url\" content=\"https:\/\/www.loftgc.com\/en\/covid-19\" \/>\n<meta property=\"og:site_name\" content=\"Loft Gran Canaria\" \/>\n<meta property=\"article:modified_time\" content=\"2020-05-26T10:44:07+00:00\" \/>\n<meta name=\"twitter:card\" content=\"summary_large_image\" \/>\n<script type=\"application\/ld+json\" class=\"yoast-schema-graph\">{\"@context\":\"https:\\\/\\\/schema.org\",\"@graph\":[{\"@type\":\"WebPage\",\"@id\":\"https:\\\/\\\/www.loftgc.com\\\/en\\\/covid-19\",\"url\":\"https:\\\/\\\/www.loftgc.com\\\/en\\\/covid-19\",\"name\":\"covid-19 - Loft Gran Canaria\",\"isPartOf\":{\"@id\":\"https:\\\/\\\/www.loftgc.com\\\/#website\"},\"datePublished\":\"2020-05-17T12:17:13+00:00\",\"dateModified\":\"2020-05-26T10:44:07+00:00\",\"breadcrumb\":{\"@id\":\"https:\\\/\\\/www.loftgc.com\\\/en\\\/covid-19#breadcrumb\"},\"inLanguage\":\"en-US\",\"potentialAction\":[{\"@type\":\"ReadAction\",\"target\":[\"https:\\\/\\\/www.loftgc.com\\\/en\\\/covid-19\"]}]},{\"@type\":\"BreadcrumbList\",\"@id\":\"https:\\\/\\\/www.loftgc.com\\\/en\\\/covid-19#breadcrumb\",\"itemListElement\":[{\"@type\":\"ListItem\",\"position\":1,\"name\":\"Portada\",\"item\":\"https:\\\/\\\/www.loftgc.com\\\/en\"},{\"@type\":\"ListItem\",\"position\":2,\"name\":\"covid-19\"}]},{\"@type\":\"WebSite\",\"@id\":\"https:\\\/\\\/www.loftgc.com\\\/#website\",\"url\":\"https:\\\/\\\/www.loftgc.com\\\/\",\"name\":\"Loft Gran Canaria\",\"description\":\"Apartamentos tur\u00edsticos en el norte de Gran Canaria\",\"potentialAction\":[{\"@type\":\"SearchAction\",\"target\":{\"@type\":\"EntryPoint\",\"urlTemplate\":\"https:\\\/\\\/www.loftgc.com\\\/?s={search_term_string}\"},\"query-input\":{\"@type\":\"PropertyValueSpecification\",\"valueRequired\":true,\"valueName\":\"search_term_string\"}}],\"inLanguage\":\"en-US\"}]}<\/script>\n<!-- \/ Yoast SEO plugin. -->","yoast_head_json":{"title":"covid-19 - Loft Gran Canaria","robots":{"index":"index","follow":"follow","max-snippet":"max-snippet:-1","max-image-preview":"max-image-preview:large","max-video-preview":"max-video-preview:-1"},"canonical":"https:\/\/www.loftgc.com\/en\/covid-19","og_locale":"en_US","og_type":"article","og_title":"covid-19 - Loft Gran Canaria","og_description":"Coronavirus, COVID-19. Reopening protocol Loft Gran Canaria\u00a0 We want you to feel at home at our place again very soon, as well as give you full peace of mind. At Loft Gran Canaria, the safety and protection of our guests and staff are our number one priority. That is why we are working tirelessly to [&hellip;]","og_url":"https:\/\/www.loftgc.com\/en\/covid-19","og_site_name":"Loft Gran Canaria","article_modified_time":"2020-05-26T10:44:07+00:00","twitter_card":"summary_large_image","schema":{"@context":"https:\/\/schema.org","@graph":[{"@type":"WebPage","@id":"https:\/\/www.loftgc.com\/en\/covid-19","url":"https:\/\/www.loftgc.com\/en\/covid-19","name":"covid-19 - Loft Gran Canaria","isPartOf":{"@id":"https:\/\/www.loftgc.com\/#website"},"datePublished":"2020-05-17T12:17:13+00:00","dateModified":"2020-05-26T10:44:07+00:00","breadcrumb":{"@id":"https:\/\/www.loftgc.com\/en\/covid-19#breadcrumb"},"inLanguage":"en-US","potentialAction":[{"@type":"ReadAction","target":["https:\/\/www.loftgc.com\/en\/covid-19"]}]},{"@type":"BreadcrumbList","@id":"https:\/\/www.loftgc.com\/en\/covid-19#breadcrumb","itemListElement":[{"@type":"ListItem","position":1,"name":"Portada","item":"https:\/\/www.loftgc.com\/en"},{"@type":"ListItem","position":2,"name":"covid-19"}]},{"@type":"WebSite","@id":"https:\/\/www.loftgc.com\/#website","url":"https:\/\/www.loftgc.com\/","name":"Loft Gran Canaria","description":"Apartamentos tur\u00edsticos en el norte de Gran Canaria","potentialAction":[{"@type":"SearchAction","target":{"@type":"EntryPoint","urlTemplate":"https:\/\/www.loftgc.com\/?s={search_term_string}"},"query-input":{"@type":"PropertyValueSpecification","valueRequired":true,"valueName":"search_term_string"}}],"inLanguage":"en-US"}]}},"_links":{"self":[{"href":"https:\/\/www.loftgc.com\/en\/wp-json\/wp\/v2\/pages\/1538","targetHints":{"allow":["GET"]}}],"collection":[{"href":"https:\/\/www.loftgc.com\/en\/wp-json\/wp\/v2\/pages"}],"about":[{"href":"https:\/\/www.loftgc.com\/en\/wp-json\/wp\/v2\/types\/page"}],"author":[{"embeddable":true,"href":"https:\/\/www.loftgc.com\/en\/wp-json\/wp\/v2\/users\/1"}],"replies":[{"embeddable":true,"href":"https:\/\/www.loftgc.com\/en\/wp-json\/wp\/v2\/comments?post=1538"}],"version-history":[{"count":0,"href":"https:\/\/www.loftgc.com\/en\/wp-json\/wp\/v2\/pages\/1538\/revisions"}],"wp:attachment":[{"href":"https:\/\/www.loftgc.com\/en\/wp-json\/wp\/v2\/media?parent=1538"}],"curies":[{"name":"wp","href":"https:\/\/api.w.org\/{rel}","templated":true}]}}