{"id":2009,"date":"2023-04-12T14:38:22","date_gmt":"2023-04-12T14:38:22","guid":{"rendered":"https:\/\/www.loftgc.com\/?page_id=2009"},"modified":"2024-06-10T17:44:10","modified_gmt":"2024-06-10T17:44:10","slug":"discover","status":"publish","type":"page","link":"https:\/\/www.loftgc.com\/en\/discover","title":{"rendered":"discover"},"content":{"rendered":"<p>[et_pb_section fb_built=&#8221;1&#8243; fullwidth=&#8221;on&#8221; disabled_on=&#8221;off|off|off&#8221; module_class=&#8221;popmake-covid19&#8243; _builder_version=&#8221;4.16&#8243; global_colors_info=&#8221;{}&#8221;][et_pb_fullwidth_slider disabled_on=&#8221;off|off|off&#8221; _builder_version=&#8221;4.20.4&#8243; _module_preset=&#8221;default&#8221; custom_padding=&#8221;79px||0px|||&#8221; global_colors_info=&#8221;{}&#8221;][et_pb_slide button_text=&#8221;BOOK NOW&#8221; button_link=&#8221;https:\/\/direct-book.com\/en\/properties\/loftgrancanariadirect?locale=en&#038;promocode=DIS20&#8243; image=&#8221;https:\/\/www.loftgc.com\/wp-content\/uploads\/2023\/04\/Logo_LOFT_GRAN_Canaria-03-03-03.png&#8221; alignment=&#8221;bottom&#8221; _builder_version=&#8221;4.20.4&#8243; _module_preset=&#8221;default&#8221; background_enable_color=&#8221;off&#8221; background_image=&#8221;https:\/\/www.loftgc.com\/wp-content\/uploads\/2023\/04\/Visita_Roque_Nublo_loft_Gran_Canaria.jpg&#8221; background_enable_image=&#8221;on&#8221; button_alignment=&#8221;right&#8221; width=&#8221;85%&#8221; max_width=&#8221;85%&#8221; custom_padding=&#8221;||40px||false|false&#8221; child_filter_opacity=&#8221;92%&#8221; global_colors_info=&#8221;{}&#8221; sticky_transition=&#8221;on&#8221;]<\/p>\n<p><img decoding=\"async\" class=\"wp-image-1951 alignnone size-large\" style=\"display: block; margin-left: auto; margin-right: auto;\" src=\"https:\/\/www.loftgc.com\/wp-content\/uploads\/2023\/04\/Master_Primavera_23_LOFTGC-02-654x1024.png\" alt=\"\" width=\"246\" height=\"372\" \/><\/p>\n<p>[\/et_pb_slide][\/et_pb_fullwidth_slider][\/et_pb_section][et_pb_section fb_built=&#8221;1&#8243; _builder_version=&#8221;4.16&#8243; custom_padding=&#8221;8px|0px|0|0px|false|false&#8221; global_colors_info=&#8221;{}&#8221;][et_pb_row use_custom_gutter=&#8221;on&#8221; gutter_width=&#8221;2&#8243; _builder_version=&#8221;4.16&#8243; custom_padding=&#8221;29px|0px|29.15625px|0px&#8221; global_colors_info=&#8221;{}&#8221;][et_pb_column type=&#8221;4_4&#8243; _builder_version=&#8221;4.16&#8243; custom_padding=&#8221;|||&#8221; global_colors_info=&#8221;{}&#8221; custom_padding__hover=&#8221;|||&#8221;][et_pb_text _builder_version=&#8221;4.20.4&#8243; text_font=&#8221;||||||||&#8221; text_text_color=&#8221;#3f3f3f&#8221; header_text_color=&#8221;#000000&#8243; header_4_text_align=&#8221;left&#8221; header_4_text_color=&#8221;#000000&#8243; text_orientation=&#8221;justified&#8221; background_layout=&#8221;dark&#8221; module_alignment=&#8221;justified&#8221; custom_margin=&#8221;20px|||&#8221; custom_margin_tablet=&#8221;&#8221; custom_margin_phone=&#8221;&#8221; custom_margin_last_edited=&#8221;on|tablet&#8221; global_colors_info=&#8221;{}&#8221;]<\/p>\n<h4><strong>Discover Gran Canaria, Up to 20% Off!<\/strong><\/h4>\n<p>DISCOUNT CODE:<strong>\u00a0 DIS20<\/strong><\/p>\n<p><span>Take advantage of our unique offer for you!<\/span><\/p>\n<p><span>Enter the PROMOTIONAL CODE\u00a0 \u00a0<\/span><strong>WIN20<\/strong><span>\u00a0 in our booking engine or<\/span><span>\u00a0<\/span><strong>click on\u00a0<\/strong> <strong><a href=\"https:\/\/direct-book.com\/en\/properties\/loftgrancanariadirect?locale=en&amp;promocode=DIS20\">BOOK NOW <\/a>and up to 20% discount will be automatically applied to you. <\/strong>And if plans change, you can CANCEL FOR FREE<\/p>\n<p><strong>Terms &amp; Conditions<\/strong><\/p>\n<ul>\n<li>\n<ul>\n<li>Up to 20% discount applicable to \u201cGeneral Rate\u201d. Redeemable in the reservation process by PROMOTIONAL CODE: <span>\u00a0<\/span><strong>WIN20<\/strong><\/li>\n<li>Except non-refundables rates<strong><\/strong><\/li>\n<li>For reservations with a minimum of 7 days before arrival<\/li>\n<li>Free cancellation up to 48 hours before arrival.<\/li>\n<li><strong>Validity: Reservations Until 08\/30\/2024\u00a0 Stays Until 02\/28\/2025<\/strong><\/li>\n<li>The offer is valid for any hotel\u00a0 and subject to availability.<\/li>\n<li>This promotional code can be applied to other offers but it cannot be combined with other promotional codes.<\/li>\n<\/ul>\n<p>Enjoy your stay in Gran Canaria to the fullest!<\/p>\n<\/li>\n<\/ul>\n<p>[\/et_pb_text][et_pb_button button_url=&#8221;https:\/\/direct-book.com\/en\/properties\/loftgrancanariadirect?locale=en&#038;promocode=DIS20&#8243; button_text=&#8221;BOOK NOW&#8221; button_alignment=&#8221;center&#8221; _builder_version=&#8221;4.20.4&#8243; _module_preset=&#8221;default&#8221; custom_button=&#8221;on&#8221; button_text_size=&#8221;19px&#8221; button_text_color=&#8221;#FFFFFF&#8221; button_border_width=&#8221;0px&#8221; button_border_radius=&#8221;74px&#8221; button_use_icon=&#8221;off&#8221; global_colors_info=&#8221;{}&#8221;][\/et_pb_button][\/et_pb_column][\/et_pb_row][\/et_pb_section][et_pb_section fb_built=&#8221;1&#8243; _builder_version=&#8221;4.16&#8243; background_color=&#8221;#24d896&#8243; custom_padding=&#8221;0|0px|0px|0px|false|false&#8221; hover_transition_duration=&#8221;250ms&#8221; locked=&#8221;off&#8221; global_colors_info=&#8221;{}&#8221;][et_pb_row column_structure=&#8221;1_4,1_4,1_4,1_4&#8243; custom_padding_last_edited=&#8221;on|tablet&#8221; _builder_version=&#8221;4.16&#8243; module_alignment=&#8221;center&#8221; min_height=&#8221;58px&#8221; custom_margin=&#8221;|||&#8221; custom_padding=&#8221;17px|80px|5px|80px|false|false&#8221; custom_padding_tablet=&#8221;0px|0px|0px|0px&#8221; custom_padding_phone=&#8221;&#8221; global_colors_info=&#8221;{}&#8221;][et_pb_column type=&#8221;1_4&#8243; _builder_version=&#8221;4.16&#8243; custom_padding=&#8221;|||&#8221; global_colors_info=&#8221;{}&#8221; custom_padding__hover=&#8221;|||&#8221;][et_pb_blurb title=&#8221;Secure payment&#8221; use_icon=&#8221;on&#8221; font_icon=&#8221;&#xe014;||divi||400&#8243; icon_color=&#8221;#ffffff&#8221; icon_placement=&#8221;left&#8221; _builder_version=&#8221;4.16&#8243; header_level=&#8221;h6&#8243; header_font=&#8221;||||||||&#8221; header_text_color=&#8221;#ffffff&#8221; header_font_size=&#8221;18px&#8221; header_line_height=&#8221;1.6em&#8221; text_orientation=&#8221;center&#8221; min_height=&#8221;27px&#8221; custom_margin=&#8221;|-3px||||&#8221; custom_padding=&#8221;||0px|25px||&#8221; animation_style=&#8221;zoom&#8221; animation_duration=&#8221;1400ms&#8221; animation_speed_curve=&#8221;ease&#8221; animation=&#8221;off&#8221; global_colors_info=&#8221;{}&#8221;][\/et_pb_blurb][\/et_pb_column][et_pb_column type=&#8221;1_4&#8243; _builder_version=&#8221;4.16&#8243; custom_padding=&#8221;|||&#8221; global_colors_info=&#8221;{}&#8221; custom_padding__hover=&#8221;|||&#8221;][et_pb_blurb title=&#8221;Lowest price&#8221; use_icon=&#8221;on&#8221; font_icon=&#8221;&#xe0ed;||divi||400&#8243; icon_color=&#8221;#ffffff&#8221; icon_placement=&#8221;left&#8221; content_max_width=&#8221;165px&#8221; _builder_version=&#8221;4.20.4&#8243; header_level=&#8221;h6&#8243; header_font=&#8221;||||||||&#8221; header_text_align=&#8221;center&#8221; header_text_color=&#8221;#ffffff&#8221; header_font_size=&#8221;18px&#8221; header_line_height=&#8221;1.6em&#8221; body_font=&#8221;||||||||&#8221; body_line_height=&#8221;1.3em&#8221; custom_margin=&#8221;|0px||-5px|false|false&#8221; custom_padding=&#8221;||0px||false|false&#8221; animation_style=&#8221;zoom&#8221; animation_duration=&#8221;1400ms&#8221; animation_speed_curve=&#8221;ease&#8221; animation=&#8221;off&#8221; global_colors_info=&#8221;{}&#8221;][\/et_pb_blurb][\/et_pb_column][et_pb_column type=&#8221;1_4&#8243; _builder_version=&#8221;4.16&#8243; custom_padding=&#8221;|||&#8221; global_colors_info=&#8221;{}&#8221; custom_padding__hover=&#8221;|||&#8221;][et_pb_blurb title=&#8221;100% Safe web&#8221; use_icon=&#8221;on&#8221; font_icon=&#8221;&#x7e;||divi||400&#8243; icon_color=&#8221;#ffffff&#8221; icon_placement=&#8221;left&#8221; content_max_width=&#8221;196px&#8221; _builder_version=&#8221;4.20.4&#8243; header_level=&#8221;h6&#8243; header_font=&#8221;||||||||&#8221; header_text_align=&#8221;center&#8221; header_text_color=&#8221;#ffffff&#8221; header_font_size=&#8221;18px&#8221; header_line_height=&#8221;1.6em&#8221; custom_padding=&#8221;||0px|||&#8221; animation_style=&#8221;zoom&#8221; animation_duration=&#8221;1400ms&#8221; animation_speed_curve=&#8221;ease&#8221; animation=&#8221;off&#8221; global_colors_info=&#8221;{}&#8221;][\/et_pb_blurb][\/et_pb_column][et_pb_column type=&#8221;1_4&#8243; _builder_version=&#8221;4.16&#8243; custom_padding=&#8221;|||&#8221; global_colors_info=&#8221;{}&#8221; custom_padding__hover=&#8221;|||&#8221;][et_pb_blurb title=&#8221;Free Cancellations&#8221; use_icon=&#8221;on&#8221; font_icon=&#8221;&#x5a;||divi||400&#8243; icon_color=&#8221;#ffffff&#8221; icon_placement=&#8221;left&#8221; content_max_width=&#8221;207px&#8221; _builder_version=&#8221;4.20.4&#8243; header_level=&#8221;h6&#8243; header_font=&#8221;||||||||&#8221; header_text_align=&#8221;center&#8221; header_text_color=&#8221;#ffffff&#8221; header_font_size=&#8221;18px&#8221; header_line_height=&#8221;1.6em&#8221; body_font=&#8221;||||||||&#8221; body_line_height=&#8221;1.3em&#8221; custom_margin=&#8221;|0px||-9px||&#8221; custom_padding=&#8221;||0px|||&#8221; animation_style=&#8221;zoom&#8221; animation_duration=&#8221;1400ms&#8221; animation_speed_curve=&#8221;ease&#8221; animation=&#8221;off&#8221; global_colors_info=&#8221;{}&#8221;][\/et_pb_blurb][\/et_pb_column][\/et_pb_row][\/et_pb_section][et_pb_section fb_built=&#8221;1&#8243; _builder_version=&#8221;4.16&#8243; background_color=&#8221;#d50057&#8243; custom_padding=&#8221;16px|0px|0px|0px&#8221; saved_tabs=&#8221;all&#8221; global_colors_info=&#8221;{}&#8221;][et_pb_row column_structure=&#8221;1_5,1_5,1_5,1_5,1_5&#8243; _builder_version=&#8221;4.16&#8243; global_colors_info=&#8221;{}&#8221;][et_pb_column type=&#8221;1_5&#8243; _builder_version=&#8221;4.16&#8243; custom_padding=&#8221;|||&#8221; global_colors_info=&#8221;{}&#8221; custom_padding__hover=&#8221;|||&#8221;][et_pb_testimonial author=&#8221;Juliane, &#8221; job_title=&#8221;Germay&#8221; quote_icon_background_color=&#8221;#d50057&#8243; _builder_version=&#8221;4.16&#8243; body_font=&#8221;||||||||&#8221; body_line_height=&#8221;1.1em&#8221; background_color=&#8221;#d50057&#8243; background_layout=&#8221;dark&#8221; border_width_all=&#8221;2px&#8221; border_color_all=&#8221;#ffffff&#8221; global_colors_info=&#8221;{}&#8221;]<\/p>\n<p style=\"text-align: left;\">Super sch\u00f6ne, neue Wohnung direkt am Park in Arucas &#8211; abens h\u00f6rt man die Fr\u00f6sche quaken \ud83d\ude42<\/p>\n<p>[\/et_pb_testimonial][\/et_pb_column][et_pb_column type=&#8221;1_5&#8243; _builder_version=&#8221;4.16&#8243; custom_padding=&#8221;|||&#8221; global_colors_info=&#8221;{}&#8221; custom_padding__hover=&#8221;|||&#8221;][et_pb_testimonial author=&#8221;Michael&#8221; job_title=&#8221;Austria&#8221; quote_icon_background_color=&#8221;#d50057&#8243; _builder_version=&#8221;4.16&#8243; body_font=&#8221;||||||||&#8221; body_line_height=&#8221;1.1em&#8221; background_color=&#8221;#d50057&#8243; background_layout=&#8221;dark&#8221; border_width_all=&#8221;2px&#8221; border_color_all=&#8221;#ffffff&#8221; global_colors_info=&#8221;{}&#8221;]<\/p>\n<p style=\"text-align: left;\">Best place in the center of Arucas! S\u00faper modern and new comfortable flat with everything you need in front of the doorstep.<\/p>\n<p>[\/et_pb_testimonial][\/et_pb_column][et_pb_column type=&#8221;1_5&#8243; _builder_version=&#8221;4.16&#8243; custom_padding=&#8221;|||&#8221; global_colors_info=&#8221;{}&#8221; custom_padding__hover=&#8221;|||&#8221;][et_pb_code disabled_on=&#8221;on|on|off&#8221; _builder_version=&#8221;4.18.0&#8243; _module_preset=&#8221;default&#8221; text_orientation=&#8221;center&#8221; module_alignment=&#8221;center&#8221; link_option_url=&#8221;https:\/\/www.kayak.es\/Arucas-Hoteles-Loft-Gran-Canaria.3591452.ksp&#8221; link_option_url_new_window=&#8221;on&#8221; global_colors_info=&#8221;{}&#8221;]<img decoding=\"async\" src=\"https:\/\/content.r9cdn.net\/seo-res\/badges\/v4\/LIGHT_LARGE_TRAVEL_AWARDS.png\" height=\"200px\" \/><!-- [et_pb_line_break_holder] -->[\/et_pb_code][et_pb_code disabled_on=&#8221;on|on|off&#8221; _builder_version=&#8221;4.19.1&#8243; _module_preset=&#8221;default&#8221; text_orientation=&#8221;center&#8221; module_alignment=&#8221;center&#8221; global_colors_info=&#8221;{}&#8221;]<\/p>\n<div id=\"TA_excellent402\" class=\"TA_excellent\"><!-- [et_pb_line_break_holder] --><\/p>\n<ul id=\"nL8IkxLreU\" class=\"TA_links 2662ohJCjEn\"><!-- [et_pb_line_break_holder] --> \t<\/p>\n<li id=\"cRkIYhjtPiqW\" class=\"9Z0xwNt\"><a href=\"https:\/\/www.tripadvisor.es\/Hotel_Review-g1064394-d16740908-Reviews-Loft_Gran_Canaria-Arucas_Gran_Canaria_Canary_Islands.html\" target=\"_blank\" rel=\"noopener noreferrer\"><img decoding=\"async\" id=\"CDSWIDEXCLOGO\" class=\"widEXCIMG\" src=\"https:\/\/static.tacdn.com\/img2\/brand_refresh\/Tripadvisor_lockup_horizontal_secondary_registered.svg\" alt=\"TripAdvisor\" \/><\/a><\/li>\n<p><!-- [et_pb_line_break_holder] --><\/ul>\n<p><!-- [et_pb_line_break_holder] --><\/div>\n<p><!-- [et_pb_line_break_holder] --><script async src=\"https:\/\/www.jscache.com\/wejs?wtype=excellent&#038;uniq=402&#038;locationId=16740908&#038;lang=es&#038;display_version=2\" data-loadtrk onload=\"this.loadtrk=true\"><\/script>[\/et_pb_code][\/et_pb_column][et_pb_column type=&#8221;1_5&#8243; _builder_version=&#8221;4.16&#8243; custom_padding=&#8221;|||&#8221; global_colors_info=&#8221;{}&#8221; custom_padding__hover=&#8221;|||&#8221;][et_pb_testimonial author=&#8221;Carolina&#8221; job_title=&#8221;Spain&#8221; quote_icon_background_color=&#8221;#d50057&#8243; _builder_version=&#8221;4.16&#8243; body_font=&#8221;||||||||&#8221; body_line_height=&#8221;1.1em&#8221; background_color=&#8221;#d50057&#8243; background_layout=&#8221;dark&#8221; border_width_all=&#8221;2px&#8221; border_color_all=&#8221;#ffffff&#8221; global_colors_info=&#8221;{}&#8221;]<\/p>\n<p style=\"text-align: left;\">Nos sentimos como en casa, no falta ning\u00fan detalle. Volveremos.<\/p>\n<p>[\/et_pb_testimonial][\/et_pb_column][et_pb_column type=&#8221;1_5&#8243; _builder_version=&#8221;4.16&#8243; custom_padding=&#8221;|||&#8221; global_colors_info=&#8221;{}&#8221; custom_padding__hover=&#8221;|||&#8221;][et_pb_testimonial author=&#8221;Gediminas&#8221; job_title=&#8221;Lietuva&#8221; quote_icon_background_color=&#8221;#d50057&#8243; _builder_version=&#8221;4.16&#8243; body_font=&#8221;||||||||&#8221; body_line_height=&#8221;1.1em&#8221; background_color=&#8221;#d50057&#8243; background_layout=&#8221;dark&#8221; border_width_all=&#8221;2px&#8221; border_color_all=&#8221;#ffffff&#8221; global_colors_info=&#8221;{}&#8221;]<\/p>\n<p style=\"text-align: left;\">We liked everything. Very recommend! Place is perfect, very center of old town. Apartment is Very Clean and new.<\/p>\n<p>[\/et_pb_testimonial][\/et_pb_column][\/et_pb_row][\/et_pb_section][et_pb_section fb_built=&#8221;1&#8243; _builder_version=&#8221;4.16&#8243; background_color=&#8221;rgba(63,63,63,0.05)&#8221; custom_padding=&#8221;10px|0px|10px|0px&#8221; locked=&#8221;off&#8221; global_colors_info=&#8221;{}&#8221;][et_pb_row use_custom_gutter=&#8221;on&#8221; gutter_width=&#8221;2&#8243; _builder_version=&#8221;4.16&#8243; max_width=&#8221;1080px&#8221; min_height=&#8221;59px&#8221; custom_padding=&#8221;0px|0px|0px|0px||&#8221; global_colors_info=&#8221;{}&#8221;][et_pb_column type=&#8221;4_4&#8243; _builder_version=&#8221;4.16&#8243; custom_padding=&#8221;|||&#8221; global_colors_info=&#8221;{}&#8221; custom_padding__hover=&#8221;|||&#8221;][et_pb_image src=&#8221;https:\/\/www.loftgc.com\/wp-content\/uploads\/2020\/05\/353-3532675_stripe-secure-payment-logo-hd-png-download.png&#8221; title_text=&#8221;353-3532675_stripe-secure-payment-logo-hd-png-download&#8221; align=&#8221;center&#8221; align_tablet=&#8221;center&#8221; align_phone=&#8221;&#8221; align_last_edited=&#8221;on|desktop&#8221; _builder_version=&#8221;4.16&#8243; width=&#8221;30%&#8221; max_width=&#8221;100%&#8221; global_colors_info=&#8221;{}&#8221;][\/et_pb_image][\/et_pb_column][\/et_pb_row][\/et_pb_section]<\/p>\n","protected":false},"excerpt":{"rendered":"<p>Discover Gran Canaria, Up to 20% Off! DISCOUNT CODE:\u00a0 DIS20 Take advantage of our unique offer for you! Enter the PROMOTIONAL CODE\u00a0 \u00a0WIN20\u00a0 in our booking engine or\u00a0click on\u00a0 BOOK NOW and up to 20% discount will be automatically applied to you. And if plans change, you can CANCEL FOR FREE Terms &amp; Conditions Up [&hellip;]<\/p>\n","protected":false},"author":1,"featured_media":0,"parent":0,"menu_order":0,"comment_status":"closed","ping_status":"closed","template":"","meta":{"_et_pb_use_builder":"on","_et_pb_old_content":"","_et_gb_content_width":"","footnotes":""},"class_list":["post-2009","page","type-page","status-publish","hentry"],"yoast_head":"<!-- This site is optimized with the Yoast SEO plugin v27.4 - https:\/\/yoast.com\/product\/yoast-seo-wordpress\/ -->\n<title>discover - Loft Gran Canaria<\/title>\n<meta name=\"robots\" content=\"index, follow, max-snippet:-1, max-image-preview:large, max-video-preview:-1\" \/>\n<link rel=\"canonical\" href=\"https:\/\/www.loftgc.com\/en\/discover\" \/>\n<meta property=\"og:locale\" content=\"en_US\" \/>\n<meta property=\"og:type\" content=\"article\" \/>\n<meta property=\"og:title\" content=\"discover - Loft Gran Canaria\" \/>\n<meta property=\"og:description\" content=\"Discover Gran Canaria, Up to 20% Off! DISCOUNT CODE:\u00a0 DIS20 Take advantage of our unique offer for you! Enter the PROMOTIONAL CODE\u00a0 \u00a0WIN20\u00a0 in our booking engine or\u00a0click on\u00a0 BOOK NOW and up to 20% discount will be automatically applied to you. And if plans change, you can CANCEL FOR FREE Terms &amp; Conditions Up [&hellip;]\" \/>\n<meta property=\"og:url\" content=\"https:\/\/www.loftgc.com\/en\/discover\" \/>\n<meta property=\"og:site_name\" content=\"Loft Gran Canaria\" \/>\n<meta property=\"article:modified_time\" content=\"2024-06-10T17:44:10+00:00\" \/>\n<meta property=\"og:image\" content=\"https:\/\/www.loftgc.com\/wp-content\/uploads\/2023\/04\/Master_Primavera_23_LOFTGC-02-654x1024.png\" \/>\n<meta name=\"twitter:card\" content=\"summary_large_image\" \/>\n<script type=\"application\/ld+json\" class=\"yoast-schema-graph\">{\"@context\":\"https:\\\/\\\/schema.org\",\"@graph\":[{\"@type\":\"WebPage\",\"@id\":\"https:\\\/\\\/www.loftgc.com\\\/en\\\/discover\",\"url\":\"https:\\\/\\\/www.loftgc.com\\\/en\\\/discover\",\"name\":\"discover - Loft Gran Canaria\",\"isPartOf\":{\"@id\":\"https:\\\/\\\/www.loftgc.com\\\/#website\"},\"primaryImageOfPage\":{\"@id\":\"https:\\\/\\\/www.loftgc.com\\\/en\\\/discover#primaryimage\"},\"image\":{\"@id\":\"https:\\\/\\\/www.loftgc.com\\\/en\\\/discover#primaryimage\"},\"thumbnailUrl\":\"https:\\\/\\\/www.loftgc.com\\\/wp-content\\\/uploads\\\/2023\\\/04\\\/Master_Primavera_23_LOFTGC-02-654x1024.png\",\"datePublished\":\"2023-04-12T14:38:22+00:00\",\"dateModified\":\"2024-06-10T17:44:10+00:00\",\"breadcrumb\":{\"@id\":\"https:\\\/\\\/www.loftgc.com\\\/en\\\/discover#breadcrumb\"},\"inLanguage\":\"en-US\",\"potentialAction\":[{\"@type\":\"ReadAction\",\"target\":[\"https:\\\/\\\/www.loftgc.com\\\/en\\\/discover\"]}]},{\"@type\":\"ImageObject\",\"inLanguage\":\"en-US\",\"@id\":\"https:\\\/\\\/www.loftgc.com\\\/en\\\/discover#primaryimage\",\"url\":\"https:\\\/\\\/www.loftgc.com\\\/wp-content\\\/uploads\\\/2023\\\/04\\\/Master_Primavera_23_LOFTGC-02-654x1024.png\",\"contentUrl\":\"https:\\\/\\\/www.loftgc.com\\\/wp-content\\\/uploads\\\/2023\\\/04\\\/Master_Primavera_23_LOFTGC-02-654x1024.png\"},{\"@type\":\"BreadcrumbList\",\"@id\":\"https:\\\/\\\/www.loftgc.com\\\/en\\\/discover#breadcrumb\",\"itemListElement\":[{\"@type\":\"ListItem\",\"position\":1,\"name\":\"Portada\",\"item\":\"https:\\\/\\\/www.loftgc.com\\\/en\"},{\"@type\":\"ListItem\",\"position\":2,\"name\":\"discover\"}]},{\"@type\":\"WebSite\",\"@id\":\"https:\\\/\\\/www.loftgc.com\\\/#website\",\"url\":\"https:\\\/\\\/www.loftgc.com\\\/\",\"name\":\"Loft Gran Canaria\",\"description\":\"Apartamentos tur\u00edsticos en el norte de Gran Canaria\",\"potentialAction\":[{\"@type\":\"SearchAction\",\"target\":{\"@type\":\"EntryPoint\",\"urlTemplate\":\"https:\\\/\\\/www.loftgc.com\\\/?s={search_term_string}\"},\"query-input\":{\"@type\":\"PropertyValueSpecification\",\"valueRequired\":true,\"valueName\":\"search_term_string\"}}],\"inLanguage\":\"en-US\"}]}<\/script>\n<!-- \/ Yoast SEO plugin. -->","yoast_head_json":{"title":"discover - Loft Gran Canaria","robots":{"index":"index","follow":"follow","max-snippet":"max-snippet:-1","max-image-preview":"max-image-preview:large","max-video-preview":"max-video-preview:-1"},"canonical":"https:\/\/www.loftgc.com\/en\/discover","og_locale":"en_US","og_type":"article","og_title":"discover - Loft Gran Canaria","og_description":"Discover Gran Canaria, Up to 20% Off! DISCOUNT CODE:\u00a0 DIS20 Take advantage of our unique offer for you! Enter the PROMOTIONAL CODE\u00a0 \u00a0WIN20\u00a0 in our booking engine or\u00a0click on\u00a0 BOOK NOW and up to 20% discount will be automatically applied to you. And if plans change, you can CANCEL FOR FREE Terms &amp; Conditions Up [&hellip;]","og_url":"https:\/\/www.loftgc.com\/en\/discover","og_site_name":"Loft Gran Canaria","article_modified_time":"2024-06-10T17:44:10+00:00","og_image":[{"url":"https:\/\/www.loftgc.com\/wp-content\/uploads\/2023\/04\/Master_Primavera_23_LOFTGC-02-654x1024.png","type":"","width":"","height":""}],"twitter_card":"summary_large_image","schema":{"@context":"https:\/\/schema.org","@graph":[{"@type":"WebPage","@id":"https:\/\/www.loftgc.com\/en\/discover","url":"https:\/\/www.loftgc.com\/en\/discover","name":"discover - Loft Gran Canaria","isPartOf":{"@id":"https:\/\/www.loftgc.com\/#website"},"primaryImageOfPage":{"@id":"https:\/\/www.loftgc.com\/en\/discover#primaryimage"},"image":{"@id":"https:\/\/www.loftgc.com\/en\/discover#primaryimage"},"thumbnailUrl":"https:\/\/www.loftgc.com\/wp-content\/uploads\/2023\/04\/Master_Primavera_23_LOFTGC-02-654x1024.png","datePublished":"2023-04-12T14:38:22+00:00","dateModified":"2024-06-10T17:44:10+00:00","breadcrumb":{"@id":"https:\/\/www.loftgc.com\/en\/discover#breadcrumb"},"inLanguage":"en-US","potentialAction":[{"@type":"ReadAction","target":["https:\/\/www.loftgc.com\/en\/discover"]}]},{"@type":"ImageObject","inLanguage":"en-US","@id":"https:\/\/www.loftgc.com\/en\/discover#primaryimage","url":"https:\/\/www.loftgc.com\/wp-content\/uploads\/2023\/04\/Master_Primavera_23_LOFTGC-02-654x1024.png","contentUrl":"https:\/\/www.loftgc.com\/wp-content\/uploads\/2023\/04\/Master_Primavera_23_LOFTGC-02-654x1024.png"},{"@type":"BreadcrumbList","@id":"https:\/\/www.loftgc.com\/en\/discover#breadcrumb","itemListElement":[{"@type":"ListItem","position":1,"name":"Portada","item":"https:\/\/www.loftgc.com\/en"},{"@type":"ListItem","position":2,"name":"discover"}]},{"@type":"WebSite","@id":"https:\/\/www.loftgc.com\/#website","url":"https:\/\/www.loftgc.com\/","name":"Loft Gran Canaria","description":"Apartamentos tur\u00edsticos en el norte de Gran Canaria","potentialAction":[{"@type":"SearchAction","target":{"@type":"EntryPoint","urlTemplate":"https:\/\/www.loftgc.com\/?s={search_term_string}"},"query-input":{"@type":"PropertyValueSpecification","valueRequired":true,"valueName":"search_term_string"}}],"inLanguage":"en-US"}]}},"_links":{"self":[{"href":"https:\/\/www.loftgc.com\/en\/wp-json\/wp\/v2\/pages\/2009","targetHints":{"allow":["GET"]}}],"collection":[{"href":"https:\/\/www.loftgc.com\/en\/wp-json\/wp\/v2\/pages"}],"about":[{"href":"https:\/\/www.loftgc.com\/en\/wp-json\/wp\/v2\/types\/page"}],"author":[{"embeddable":true,"href":"https:\/\/www.loftgc.com\/en\/wp-json\/wp\/v2\/users\/1"}],"replies":[{"embeddable":true,"href":"https:\/\/www.loftgc.com\/en\/wp-json\/wp\/v2\/comments?post=2009"}],"version-history":[{"count":0,"href":"https:\/\/www.loftgc.com\/en\/wp-json\/wp\/v2\/pages\/2009\/revisions"}],"wp:attachment":[{"href":"https:\/\/www.loftgc.com\/en\/wp-json\/wp\/v2\/media?parent=2009"}],"curies":[{"name":"wp","href":"https:\/\/api.w.org\/{rel}","templated":true}]}}